{"id":768,"date":"2018-02-09T21:59:44","date_gmt":"2018-02-09T21:59:44","guid":{"rendered":"http:\/\/schrott-woehrle.de\/?page_id=768"},"modified":"2026-03-20T10:05:16","modified_gmt":"2026-03-20T10:05:16","slug":"press","status":"publish","type":"page","link":"https:\/\/schrott-woehrle.de\/de\/aktuelles\/press\/","title":{"rendered":"Presse"},"content":{"rendered":"<p>[vc_row css_animation=&#187;&#187; row_type=&#187;row&#187; use_row_as_full_screen_section=&#187;no&#187; type=&#187;full_width&#187; angled_section=&#187;no&#187; text_align=&#187;left&#187; background_image_as_pattern=&#187;without_pattern&#187;][vc_column][vc_column_text]<\/p>\n<h2>PRESSE<\/h2>\n<p>[\/vc_column_text][vc_empty_space]<div class=\"image_with_text\"><img itemprop=\"image\" src=\"https:\/\/schrott-woehrle.de\/wp-content\/uploads\/2024\/10\/Zertifizierung.png\" alt=\"W\u00f6hrle Rohstoffrecycling GmbH erh\u00e4lt neues Entsorgungsfachbetriebe Zertifikat\" \/><h3 >W\u00f6hrle Rohstoffrecycling GmbH erh\u00e4lt neues Entsorgungsfachbetriebe Zertifikat<\/h3><span style=\"margin: 6px 0px;\" class=\"separator transparent\"><\/span>Schramberg, 19. September 2024 \u2013 Die W\u00f6hrle Rohstoffrecycling GmbH, ein renommiertes Familienunternehmen aus 78713 Schramberg, hat am 19. September 2024 erneut die begehrte Zertifizierung als \u201eEntsorgungsfachbetrieb\u201c nach der Entsorgungsfachbetriebeverordnung (EfB) erhalten. Zwei unabh\u00e4ngige Sachverst\u00e4ndige f\u00fchrten die strenge Pr\u00fcfung durch, welche die hohen Anforderungen an Sicherheit, Qualit\u00e4t und Umweltvertr\u00e4glichkeit der betrieblichen Abl\u00e4ufe best\u00e4tigte. Damit bleibt W\u00f6hrle weiterhin ein anerkannter Fachbetrieb im Bereich Recycling und Schrottentsorgung.<\/p>\n<p>Die Zertifizierung, die j\u00e4hrlich \u00fcberpr\u00fcft wird, stellt sicher, dass das Unternehmen seine Entsorgungsdienstleistungen in \u00dcbereinstimmung mit den strengen Vorschriften der Entsorgungsbranche erbringt. Besonders hervorgehoben wurden die transparente Dokumentation und die korrekte Verarbeitung der Abfallstr\u00f6me. Diese garantieren, dass alle Materialien, die durch den Betrieb gehen \u2013 insbesondere Schrott und Metalle \u2013 effizient recycelt und wieder in den Rohstoffkreislauf integriert werden.<\/p>\n<p>\u201eWir sind stolz darauf, dieses Zertifikat erneut erhalten zu haben\u201c, sagt Volker W\u00f6hrle, Gesch\u00e4ftsf\u00fchrer des Familienunternehmens. \u201eEs ist nicht nur ein Beweis daf\u00fcr, dass wir die gesetzlichen Anforderungen erf\u00fcllen, sondern auch daf\u00fcr, dass wir als Unternehmen unseren Beitrag f\u00fcr eine nachhaltige Zukunft leisten. Recycling ist f\u00fcr uns weit mehr als nur ein Gesch\u00e4ft \u2013 es ist ein wesentlicher Bestandteil unseres Engagements f\u00fcr den Umweltschutz.\u201c<\/p>\n<p>Das 1955 gegr\u00fcndete Unternehmen wird bereits in der dritten Generation von Volker und Regina W\u00f6hrle gef\u00fchrt und hat sich auf die fachgerechte Entsorgung und Wiederverwertung von Schrott und Metallen spezialisiert. Mit der erneuten Zertifizierung festigt W\u00f6hrle seine Position als zuverl\u00e4ssiger Partner f\u00fcr Industriekunden, Handwerksbetriebe und Privatkunden in der Region.<\/p>\n<p>\u201eUmweltschutz und nachhaltiges Wirtschaften gewinnen immer mehr an Bedeutung\u201c, erkl\u00e4rt Regina W\u00f6hrle. \u201eF\u00fcr uns ist Recycling nicht nur eine Dienstleistung, sondern eine Verantwortung gegen\u00fcber kommenden Generationen. Jedes St\u00fcck Metall, das wir recyceln, reduziert die Notwendigkeit, neue Rohstoffe abzubauen und tr\u00e4gt somit zur Schonung nat\u00fcrlicher Ressourcen bei.\u201c<\/p>\n<p>Ein zentraler Bestandteil der Zertifizierung ist die Plausibilit\u00e4tspr\u00fcfung der Materialstr\u00f6me. Dabei wird \u00fcberpr\u00fcft, dass alle Ein- und Ausgangsstr\u00f6me der recycelten Abf\u00e4lle l\u00fcckenlos dokumentiert und nachverfolgt werden. Diese Transparenz und Genauigkeit gew\u00e4hrleisten, dass Kunden von W\u00f6hrle auf eine professionelle und umweltgerechte Entsorgung vertrauen k\u00f6nnen.<\/p>\n<p>Das Unternehmen besch\u00e4ftigt derzeit zehn Mitarbeiter, die sich kontinuierlich weiterbilden, um den steigenden Anforderungen in der Recyclingbranche gerecht zu werden. Die Zertifizierung erfolgt auf freiwilliger Basis und verdeutlicht die Selbstverpflichtung des Unternehmens, hohe Standards im Bereich der Entsorgung und Wiederverwertung zu erf\u00fcllen.<\/p>\n<p>Volker W\u00f6hrle fasst die Bedeutung der neuen Zertifizierung zusammen: \u201eEs gibt keine Zukunft ohne Recycling. Wir alle m\u00fcssen bewusster mit unseren Ressourcen umgehen. Jede Tonne Metall, die wir wiederverwerten, ist ein Gewinn f\u00fcr die Umwelt. Unser Ziel ist es, den Rohstoffkreislauf effizienter zu gestalten und so unseren Beitrag f\u00fcr eine nachhaltige Zukunft zu leisten.\u201c<\/p>\n<p>Mit der erneuten Zertifizierung als Entsorgungsfachbetrieb unterstreicht die W\u00f6hrle Rohstoffrecycling GmbH ihre f\u00fchrende Rolle in der Recyclingbranche. Das Unternehmen wird auch in Zukunft eine Schl\u00fcsselrolle in der umweltfreundlichen Entsorgung und Wiederverwertung von Wertstoffen spielen \u2013 und damit einen wichtigen Beitrag zum Schutz der Umwelt und zur Ressourcenschonung leisten.<\/p>\n<p>&nbsp;<\/p>\n<p><\/div>[\/vc_column][\/vc_row][vc_row css_animation=&#187;&#187; row_type=&#187;row&#187; use_row_as_full_screen_section=&#187;no&#187; type=&#187;full_width&#187; angled_section=&#187;no&#187; text_align=&#187;left&#187; background_image_as_pattern=&#187;without_pattern&#187;][vc_column][\/vc_column][\/vc_row][vc_row css_animation=&#187;&#187; row_type=&#187;row&#187; use_row_as_full_screen_section=&#187;no&#187; type=&#187;full_width&#187; angled_section=&#187;no&#187; text_align=&#187;left&#187; background_image_as_pattern=&#187;without_pattern&#187;][vc_column][\/vc_column][\/vc_row][vc_row css_animation=&#187;&#187; row_type=&#187;row&#187; use_row_as_full_screen_section=&#187;no&#187; type=&#187;full_width&#187; angled_section=&#187;no&#187; text_align=&#187;left&#187; background_image_as_pattern=&#187;without_pattern&#187;][vc_column][vc_column_text]<br \/>\n<script type=\"text\/javascript\">\nfunction changeImg(){\njQuery('.title.title_size_medium.position_left.has_fixed_background').css('background-image', 'url(\/wp-content\/uploads\/2018\/02\/press-1.jpg)');\n}\nchangeImg();\n<\/script>[\/vc_column_text][\/vc_column][\/vc_row]<\/p>\n","protected":false},"excerpt":{"rendered":"<p>[vc_row css_animation=&#187;&#187; row_type=&#187;row&#187; use_row_as_full_screen_section=&#187;no&#187; type=&#187;full_width&#187; angled_section=&#187;no&#187; text_align=&#187;left&#187; background_image_as_pattern=&#187;without_pattern&#187;][vc_column][vc_column_text] PRESSE [\/vc_column_text][vc_empty_space][\/vc_column][\/vc_row][vc_row css_animation=&#187;&#187; row_type=&#187;row&#187; use_row_as_full_screen_section=&#187;no&#187; type=&#187;full_width&#187; angled_section=&#187;no&#187; text_align=&#187;left&#187; background_image_as_pattern=&#187;without_pattern&#187;][vc_column][\/vc_column][\/vc_row][vc_row css_animation=&#187;&#187; row_type=&#187;row&#187; use_row_as_full_screen_section=&#187;no&#187; type=&#187;full_width&#187; angled_section=&#187;no&#187; text_align=&#187;left&#187; background_image_as_pattern=&#187;without_pattern&#187;][vc_column][\/vc_column][\/vc_row][vc_row css_animation=&#187;&#187; row_type=&#187;row&#187; use_row_as_full_screen_section=&#187;no&#187; type=&#187;full_width&#187; angled_section=&#187;no&#187; text_align=&#187;left&#187; background_image_as_pattern=&#187;without_pattern&#187;][vc_column][vc_column_text] [\/vc_column_text][\/vc_column][\/vc_row]<\/p>\n","protected":false},"author":1,"featured_media":0,"parent":120,"menu_order":0,"comment_status":"closed","ping_status":"closed","template":"","meta":{"inline_featured_image":false},"_links":{"self":[{"href":"https:\/\/schrott-woehrle.de\/de\/wp-json\/wp\/v2\/pages\/768"}],"collection":[{"href":"https:\/\/schrott-woehrle.de\/de\/wp-json\/wp\/v2\/pages"}],"about":[{"href":"https:\/\/schrott-woehrle.de\/de\/wp-json\/wp\/v2\/types\/page"}],"author":[{"embeddable":true,"href":"https:\/\/schrott-woehrle.de\/de\/wp-json\/wp\/v2\/users\/1"}],"replies":[{"embeddable":true,"href":"https:\/\/schrott-woehrle.de\/de\/wp-json\/wp\/v2\/comments?post=768"}],"version-history":[{"count":38,"href":"https:\/\/schrott-woehrle.de\/de\/wp-json\/wp\/v2\/pages\/768\/revisions"}],"predecessor-version":[{"id":1672,"href":"https:\/\/schrott-woehrle.de\/de\/wp-json\/wp\/v2\/pages\/768\/revisions\/1672"}],"up":[{"embeddable":true,"href":"https:\/\/schrott-woehrle.de\/de\/wp-json\/wp\/v2\/pages\/120"}],"wp:attachment":[{"href":"https:\/\/schrott-woehrle.de\/de\/wp-json\/wp\/v2\/media?parent=768"}],"curies":[{"name":"wp","href":"https:\/\/api.w.org\/{rel}","templated":true}]}}