{"id":548,"date":"2018-02-04T10:42:30","date_gmt":"2018-02-04T10:42:30","guid":{"rendered":"http:\/\/schrott-woehrle.de\/?page_id=548"},"modified":"2026-03-20T10:04:54","modified_gmt":"2026-03-20T10:04:54","slug":"impressum","status":"publish","type":"page","link":"https:\/\/schrott-woehrle.de\/de\/impressum\/","title":{"rendered":"Impressum"},"content":{"rendered":"<p>[vc_row css_animation=&#187;&#187; row_type=&#187;row&#187; use_row_as_full_screen_section=&#187;no&#187; type=&#187;full_width&#187; angled_section=&#187;no&#187; text_align=&#187;left&#187; background_image_as_pattern=&#187;without_pattern&#187;][vc_column][vc_separator type=&#187;normal&#187; color=&#187;rgba(255,255,255,0.01)&#187; up=&#187;30px&#187;][vc_column_text]<\/p>\n<section id=\"impressum\" style=\"max-width: 900px; margin: 40px auto; font-size: 1.1em; line-height: 1.7; color: #000000; text-align: left; font-family: Arial, sans-serif;\">\n<h2 style=\"text-align: center; color: #00b0b9; margin-bottom: 30px;\">Impressum<\/h2>\n<p><!-- 1. Angaben gem\u00e4\u00df \u00a7 5 TMG --><\/p>\n<div style=\"background: #ffffff; padding: 20px; margin-bottom: 20px; border-radius: 10px; border: 1px solid #e0e0e0;\">\n<h3 style=\"color: #00b0b9;\">1. Angaben gem\u00e4\u00df \u00a7 5 TMG<\/h3>\n<p><strong>Anschrift und Sitz der Gesellschaft:<\/strong><br \/>\nW\u00f6hrle Rohstoffrecycling GmbH<br \/>\nRappenfelsen 17<br \/>\n78713 Schramberg<br \/>\nDeutschland<\/p>\n<p><strong>Telefon:<\/strong> +49 (0)7422 4662<br \/>\n<strong>Telefax:<\/strong> +49 (0)7422 4672<br \/>\n<strong>E-Mail:<\/strong> <a href=\"mailto:info@schrott-woehrle.de\">info@schrott-woehrle.de<\/a><\/p>\n<p><strong>Vertreten durch die Gesch\u00e4ftsf\u00fchrer:<\/strong> Regina W\u00f6hrle, Volker W\u00f6hrle<\/p>\n<p><strong>Gesellschafter:<\/strong> Hezel GmbH, vertreten durch Patrick Mielnik<\/p>\n<p><strong>Umsatzsteuer-ID:<\/strong> DE 811951365<\/p>\n<p><strong>Handelsregister:<\/strong> HRB 480849, Registergericht: Amtsgericht Stuttgart<\/p>\n<\/div>\n<p><!-- 2. Copyright --><\/p>\n<div style=\"background: #f9f9f9; padding: 20px; margin-bottom: 20px; border-radius: 10px; border: 1px solid #e0e0e0;\">\n<h3 style=\"color: #00b0b9;\">2. Copyright<\/h3>\n<p>Auf dieser Seite aufgef\u00fchrte Bilder unterliegen dem Copyright!<br \/>\nBetreiber und inhaltlich verantwortlich gem\u00e4\u00df \u00a710, Absatz 3 MDStV: W\u00f6hrle Rohstoffrecycling GmbH.<br \/>\nDie Weiterverwendung von Bild und Text jeglicher Art bedarf des schriftlichen Einverst\u00e4ndnisses der W\u00f6hrle Rohstoffrecycling GmbH und ist nur unter Erw\u00e4hnung der Copyrightangaben zul\u00e4ssig.<\/p>\n<\/div>\n<p><!-- 3. Haftungsausschluss --><\/p>\n<div style=\"background: #ffffff; padding: 20px; margin-bottom: 20px; border-radius: 10px; border: 1px solid #e0e0e0;\">\n<h3 style=\"color: #00b0b9;\">3. Haftungsausschluss<\/h3>\n<p><strong>Haftung f\u00fcr Inhalte:<\/strong><br \/>\nDie Inhalte unserer Seiten wurden mit gr\u00f6\u00dfter Sorgfalt erstellt. F\u00fcr die Richtigkeit, Vollst\u00e4ndigkeit und Aktualit\u00e4t k\u00f6nnen wir jedoch keine Gew\u00e4hr \u00fcbernehmen. Als Diensteanbieter sind wir gem\u00e4\u00df \u00a7 7 Abs.1 TMG f\u00fcr eigene Inhalte auf diesen Seiten nach den allgemeinen Gesetzen verantwortlich. Nach \u00a7\u00a7 8 bis 10 TMG sind wir als Diensteanbieter jedoch nicht verpflichtet, \u00fcbermittelte oder gespeicherte fremde Informationen zu \u00fcberwachen oder nach Umst\u00e4nden zu forschen, die auf eine rechtswidrige T\u00e4tigkeit hinweisen. Verpflichtungen zur Entfernung oder Sperrung der Nutzung von Informationen nach den allgemeinen Gesetzen bleiben hiervon unber\u00fchrt. Eine diesbez\u00fcgliche Haftung ist jedoch erst ab dem Zeitpunkt der Kenntnis einer konkreten Rechtsverletzung m\u00f6glich. Bei Bekanntwerden von entsprechenden Rechtsverletzungen werden wir diese Inhalte umgehend entfernen.<\/p>\n<p><strong>Haftung f\u00fcr Links:<\/strong><br \/>\nUnser Angebot enth\u00e4lt Links zu externen Webseiten Dritter, auf deren Inhalte wir keinen Einfluss haben. Deshalb k\u00f6nnen wir f\u00fcr diese fremden Inhalte auch keine Gew\u00e4hr \u00fcbernehmen. F\u00fcr die Inhalte der verlinkten Seiten ist stets der jeweilige Anbieter oder Betreiber der Seiten verantwortlich. Die verlinkten Seiten wurden zum Zeitpunkt der Verlinkung auf m\u00f6gliche Rechtsverst\u00f6\u00dfe \u00fcberpr\u00fcft. Rechtswidrige Inhalte waren zum Zeitpunkt der Verlinkung nicht erkennbar. Eine permanente inhaltliche Kontrolle der verlinkten Seiten ist jedoch ohne konkrete Anhaltspunkte einer Rechtsverletzung nicht zumutbar. Bei Bekanntwerden von Rechtsverletzungen werden wir derartige Links umgehend entfernen.<\/p>\n<\/div>\n<p><!-- 4. Urheberrecht --><\/p>\n<div style=\"background: #f9f9f9; padding: 20px; margin-bottom: 40px; border-radius: 10px; border: 1px solid #e0e0e0;\">\n<h3 style=\"color: #00b0b9;\">4. Urheberrecht<\/h3>\n<p>Die durch die Seitenbetreiber erstellten Inhalte und Werke auf diesen Seiten unterliegen dem deutschen Urheberrecht. Die Vervielf\u00e4ltigung, Bearbeitung, Verbreitung und jede Art der Verwertung au\u00dferhalb der Grenzen des Urheberrechtes bed\u00fcrfen der schriftlichen Zustimmung des jeweiligen Autors bzw. Erstellers. Downloads und Kopien dieser Seite sind nur f\u00fcr den privaten, nicht kommerziellen Gebrauch gestattet. Soweit die Inhalte auf dieser Seite nicht vom Betreiber erstellt wurden, werden die Urheberrechte Dritter beachtet. Insbesondere werden Inhalte Dritter als solche gekennzeichnet. Sollten Sie trotzdem auf eine Urheberrechtsverletzung aufmerksam werden, bitten wir um einen entsprechenden Hinweis. Bei Bekanntwerden von Rechtsverletzungen werden wir derartige Inhalte umgehend entfernen.<\/p>\n<\/div>\n<\/section>\n<p>[\/vc_column_text][vc_separator type=&#187;normal&#187;][vc_separator type=&#187;normal&#187;][\/vc_column][\/vc_row][vc_column][\/vc_column]<\/p>\n","protected":false},"excerpt":{"rendered":"<p>[vc_row css_animation=&#187;&#187; row_type=&#187;row&#187; use_row_as_full_screen_section=&#187;no&#187; type=&#187;full_width&#187; angled_section=&#187;no&#187; text_align=&#187;left&#187; background_image_as_pattern=&#187;without_pattern&#187;][vc_column][vc_separator type=&#187;normal&#187; color=&#187;rgba(255,255,255,0.01)&#187; up=&#187;30px&#187;][vc_column_text] Impressum 1. Angaben gem\u00e4\u00df \u00a7 5 TMG Anschrift und Sitz der Gesellschaft: W\u00f6hrle Rohstoffrecycling GmbH Rappenfelsen 17 78713 Schramberg Deutschland Telefon: +49 (0)7422 4662 Telefax: +49 (0)7422 4672 E-Mail: info@schrott-woehrle.de Vertreten durch die Gesch\u00e4ftsf\u00fchrer:&#8230;<\/p>\n","protected":false},"author":1,"featured_media":0,"parent":0,"menu_order":0,"comment_status":"closed","ping_status":"closed","template":"","meta":{"inline_featured_image":false},"_links":{"self":[{"href":"https:\/\/schrott-woehrle.de\/de\/wp-json\/wp\/v2\/pages\/548"}],"collection":[{"href":"https:\/\/schrott-woehrle.de\/de\/wp-json\/wp\/v2\/pages"}],"about":[{"href":"https:\/\/schrott-woehrle.de\/de\/wp-json\/wp\/v2\/types\/page"}],"author":[{"embeddable":true,"href":"https:\/\/schrott-woehrle.de\/de\/wp-json\/wp\/v2\/users\/1"}],"replies":[{"embeddable":true,"href":"https:\/\/schrott-woehrle.de\/de\/wp-json\/wp\/v2\/comments?post=548"}],"version-history":[{"count":70,"href":"https:\/\/schrott-woehrle.de\/de\/wp-json\/wp\/v2\/pages\/548\/revisions"}],"predecessor-version":[{"id":1669,"href":"https:\/\/schrott-woehrle.de\/de\/wp-json\/wp\/v2\/pages\/548\/revisions\/1669"}],"wp:attachment":[{"href":"https:\/\/schrott-woehrle.de\/de\/wp-json\/wp\/v2\/media?parent=548"}],"curies":[{"name":"wp","href":"https:\/\/api.w.org\/{rel}","templated":true}]}}