{"id":5,"date":"2016-02-17T14:13:53","date_gmt":"2016-02-17T14:13:53","guid":{"rendered":"http:\/\/bridge9.qodeinteractive.com\/?page_id=5"},"modified":"2026-03-20T10:04:47","modified_gmt":"2026-03-20T10:04:47","slug":"home","status":"publish","type":"page","link":"https:\/\/schrott-woehrle.de\/de\/","title":{"rendered":"HomeDe"},"content":{"rendered":"<p>[vc_row css_animation=&#187;&#187; row_type=&#187;row&#187; use_row_as_full_screen_section=&#187;no&#187; type=&#187;grid&#187; angled_section=&#187;no&#187; text_align=&#187;left&#187; background_image_as_pattern=&#187;without_pattern&#187; css=&#187;.vc_custom_1518369557586{background-color: #f5f5f5 !important;}&#187; z_index=&#187;&#187;][vc_column][vc_separator type=&#187;transparent&#187; thickness=&#187;0&#8243; up=&#187;53&#8243; down=&#187;0&#8243;][vc_raw_html]JTNDaDIlMjBjbGFzcyUzRCUyMmNlbnRlciUyMiUzRUhlcnpsaWNoJTIwd2lsbGtvbW1lbiUyMCUzQyUyRmgyJTNF[\/vc_raw_html][vc_separator type=&#187;transparent&#187; thickness=&#187;0&#8243; up=&#187;32&#8243; down=&#187;0&#8243;][vc_column_text]<\/p>\n<div class=\"home_info\">\n<p><img decoding=\"async\" src=\"https:\/\/schrott-woehrle.de\/wp-content\/uploads\/2020\/12\/wichtige-information.jpg\" alt=\"wichtige-information\" \/><\/p>\n<p>Liebe Kunden,<\/p>\n<p>unser Betrieb bleibt bis auf weiteres f\u00fcr <strong style=\"text-decoration: underline;\">private Anlieferungen<\/strong> von Abfall \/ Holz \/ Bauschutt \/ Flachglas <strong>geschlossen<\/strong>.<\/p>\n<p>Sonstige Wertstoffe wie Alteisen, Guss, Metalle (Alu, Messing, Kupfer, Edelstahl, Blei\u2026), Batterien und Co k\u00f6nnen nun auch wieder von Privatpersonen zu den normalen \u00d6ffnungszeiten angeliefert werden.<\/p>\n<p>Die Annahme und Bedingung f\u00fcr Kunden aus Gewerbe und Industrie bleibt wie gewohnt ge\u00f6ffneten und gew\u00e4hrleistet. Bitte sorgen Sie daf\u00fcr, dass die Hygiene-Vorschriften sowie 2,0 m Abstand eingehalten werden.<\/p>\n<p>Ebenfalls m\u00f6chten wir Sie bitten, die Anweisungen des Personals und die Vorschriften des Bundes einzuhalten.<\/p>\n<p>Vielen Dank f\u00fcr Ihr Verst\u00e4ndnis und bleiben Sie gesund.<\/p>\n<p><strong>Ihr Team der W\u00f6hrle Rohstoffrecycling GmbH<\/strong><\/p>\n<\/div>\n<p class=\"justify\">Wir freuen uns, Sie auf unserer Homepage begr\u00fc\u00dfen zu k\u00f6nnen. Informieren Sie sich auf unserer Seite \u00fcber unser Unternehmen und unsere Leistungen. Wertstoffe sind Stoffe, die nach ihrem Gebrauch wieder genutzt, zu anderen Produkten umgewandelt oder in Rohstoffe aufgespalten werden k\u00f6nnen. Wir, die Firma W\u00f6hrle Rohstoffrecycling GmbH, legen gro\u00dfen Wert darauf, dass Produkte recycelt werden und in den Wirtschaftskreislauf zur\u00fcckkehren. Wir bezeichnen &#171;Abf\u00e4lle&#187; als Wertstoffe. Recycling ist nicht nur eine wirtschaftliche Frage, sondern vor allem eine moralische Verpflichtung. Um unsere Lebensqualit\u00e4t f\u00fcr die Zukunft zu erhalten, m\u00fcssen alle Ressourcen optimal genutzt werden. Bei weiteren Fragen unterst\u00fctzen wir Sie mit einer umfassenden und fachlich kompetenten Beratung.<\/p>\n<p style=\"text-align: center;\"><a  itemprop=\"url\" href=\"https:\/\/schrott-woehrle.de\/de\/aktuelles\/\" target=\"_self\"  class=\"qbutton  default\" style=\"\">\u00d6FFNUNGSZEITEN \/ AKTUELLES<\/a><\/p>\n<p>[\/vc_column_text][vc_separator type=&#187;transparent&#187; thickness=&#187;0&#8243; up=&#187;41&#8243; down=&#187;0&#8243;][\/vc_column][\/vc_row][vc_row css_animation=&#187;&#187; row_type=&#187;row&#187; use_row_as_full_screen_section=&#187;no&#187; type=&#187;grid&#187; angled_section=&#187;no&#187; text_align=&#187;left&#187; background_image_as_pattern=&#187;without_pattern&#187; css=&#187;.vc_custom_1455721440864{padding-top: 120px !important;padding-bottom: 64px !important;}&#187;][vc_column offset=&#187;vc_col-lg-4 vc_col-md-4&#8243;][vc_single_image image=&#187;797&#8243; img_size=&#187;full&#187; alignment=&#187;center&#187; qode_css_animation=&#187;&#187;][vc_separator type=&#187;transparent&#187; thickness=&#187;0&#8243; up=&#187;20&#8243; down=&#187;0&#8243;][vc_column_text]<\/p>\n<p class=\"justify\">Firma W\u00f6hrle Rohstoffrecycling GmbH erh\u00e4lt\u00a0wiederholt Zertifikat von der Pr\u00fcf- und \u00dcberwachungsgesellschaft mbH (P\u00dcG).<\/p>\n<p>Das Familienunternehmen, welches nun bereits in dritter Generation gef\u00fchrt wird, darf sich seit 1998 zertifizierter Entsorgungsfachbetrieb nennen.<\/p>\n<p>[\/vc_column_text][vc_separator type=&#187;transparent&#187; thickness=&#187;0&#8243; up=&#187;30&#8243; down=&#187;0&#8243;][vc_column_text]<\/p>\n<h6><a href=\"https:\/\/schrott-woehrle.de\/de\/our-clients\/press\/\">MEHR<\/a><\/h6>\n<p>[\/vc_column_text][vc_separator type=&#187;transparent&#187; thickness=&#187;0&#8243; up=&#187;53&#8243; down=&#187;0&#8243;][\/vc_column][vc_column offset=&#187;vc_col-lg-4 vc_col-md-4&#8243;][vc_single_image image=&#187;745&#8243; img_size=&#187;full&#187; alignment=&#187;center&#187; qode_css_animation=&#187;&#187;][vc_separator type=&#187;transparent&#187; thickness=&#187;0&#8243; up=&#187;20&#8243; down=&#187;0&#8243;][vc_column_text]Unser Unternehmen verf\u00fcgt \u00fcber eine fl\u00e4chendeckende Infrastruktur und bietet hohen Kundennutzen durch umfangreiche Serviceleistungen im Bereich Recycling. So ist das Familienunternehmen Komplettanbieter in allen Entsorgungsbereichen.[\/vc_column_text][vc_separator type=&#187;transparent&#187; thickness=&#187;0&#8243; up=&#187;30&#8243; down=&#187;0&#8243;][vc_column_text]<\/p>\n<h6><a href=\"https:\/\/schrott-woehrle.de\/de\/our-clients\/press\/\">MEHR<\/a><\/h6>\n<p>[\/vc_column_text][vc_separator type=&#187;transparent&#187; thickness=&#187;0&#8243; up=&#187;53&#8243; down=&#187;0&#8243;][\/vc_column][vc_column offset=&#187;vc_col-lg-4 vc_col-md-4&#8243;][vc_single_image image=&#187;746&#8243; img_size=&#187;full&#187; alignment=&#187;center&#187; qode_css_animation=&#187;&#187;][vc_separator type=&#187;transparent&#187; thickness=&#187;0&#8243; up=&#187;20&#8243; down=&#187;0&#8243;][vc_column_text]<\/p>\n<p class=\"justify\">Die Firma W\u00f6hrle Rohstoffrecycling GmbH unterstreicht den\u00a0hohen Stellenwert der Umweltbelange in der Unternehmensstruktur.<\/p>\n<p>[\/vc_column_text][vc_separator type=&#187;transparent&#187; thickness=&#187;0&#8243; up=&#187;30&#8243; down=&#187;0&#8243;][vc_column_text]<\/p>\n<h6><a href=\"https:\/\/schrott-woehrle.de\/de\/our-clients\/press\/\">MEHR<\/a><\/h6>\n<p>[\/vc_column_text][vc_separator type=&#187;transparent&#187; thickness=&#187;0&#8243; up=&#187;53&#8243; down=&#187;0&#8243;][\/vc_column][\/vc_row][vc_row row_type=&#187;parallax&#187; parallax_content_width=&#187;in_grid&#187; text_align=&#187;left&#187; background_image=&#187;797&#8243; full_screen_section_height=&#187;no&#187;][vc_column][vc_separator type=&#187;transparent&#187; thickness=&#187;0&#8243; up=&#187;111&#8243; down=&#187;0&#8243;][vc_row_inner row_type=&#187;row&#187; type=&#187;full_width&#187; text_align=&#187;left&#187; css_animation=&#187;&#187;][vc_column_inner width=&#187;1\/2&#8243; css=&#187;.vc_custom_1456148188878{padding-right: 5% !important;}&#187; offset=&#187;vc_col-lg-6 vc_col-md-6&#8243;][vc_separator type=&#187;transparent&#187; thickness=&#187;0&#8243; up=&#187;4&#8243; down=&#187;0&#8243;][vc_column_text]<\/p>\n<h2><span style=\"color: #ffffff;\">UNSERE FIRMA<\/span><\/h2>\n<p>[\/vc_column_text][vc_separator type=&#187;transparent&#187; thickness=&#187;0&#8243; up=&#187;32&#8243; down=&#187;0&#8243;][vc_column_text]<span style=\"color: #ffffff;\">Die Firma W\u00f6hrle Rohstoffrecycling GmbH ist ein regionales Familienunternehmen, das sich seit der Gr\u00fcndung 1952 durch Wilhelm W\u00f6hrle aus den damals noch kleinen Anf\u00e4ngen zielstrebig zu einem mittelst\u00e4ndischen Betrieb entwickelt und etabliert hat.<\/span><\/p>\n<p><span style=\"color: #ffffff;\">Mit guter Beratung, fairen Preisen und promptem Service aus einer Hand finden Sie in uns einen verantwortungsvollen Partner f\u00fcr alle Stufen des Recyclings von Alteisen, Metallen, Haushaltsger\u00e4ten, Unterhaltungselektronik und vielen anderen Materialien.<\/span>[\/vc_column_text][vc_separator type=&#187;transparent&#187; thickness=&#187;0&#8243; up=&#187;37&#8243; down=&#187;0&#8243;][\/vc_column_inner][vc_column_inner width=&#187;1\/2&#8243;][vc_raw_html]JTNDZGl2JTIwY2xhc3MlM0QlMjJxX3Byb2dyZXNzX2JhciUyMiUzRSUzQ2g0JTIwY2xhc3MlM0QlMjJwcm9ncmVzc190aXRsZV9ob2xkZXIlMjBjbGVhcmZpeCUyMiUyMHN0eWxlJTNEJTIyY29sb3IlM0ElMjAlMjNmZmZmZmYlM0IlMjIlM0UlM0NzcGFuJTIwY2xhc3MlM0QlMjJwcm9ncmVzc190aXRsZSUyMiUzRSUzQ3NwYW4lM0VHZXNhbXRlJTIwV2VydHN0b2ZmZSUyMCUzQyUyRnNwYW4lM0UlM0MlMkZzcGFuJTNFJTNDc3BhbiUyMGNsYXNzJTNEJTIycHJvZ3Jlc3NfbnVtYmUlMjIlMjBzdHlsZSUzRCUyMmNvbG9yJTNBJTIwJTIzZmZmZmZmJTNCZm9udC1zaXplJTNBJTIwMThweCUzQmZvbnQtd2VpZ2h0JTNBJTIwNzAwJTNCJTIyJTNFJTNDc3BhbiUzRXAuSi4lMjAyMCUyMDAwMCUyMFRvJTNDJTJGc3BhbiUzRSUzQyUyRnNwYW4lM0UlM0MlMkZoNCUzRSUwQSUzQ2RpdiUyMGNsYXNzJTNEJTIycHJvZ3Jlc3NfY29udGVudF9vdXRlciUyMiUyMHN0eWxlJTNEJTIyaGVpZ2h0JTNBJTIwMTBweCUzQmJhY2tncm91bmQtY29sb3IlM0ElMjByZ2JhJTI4MjU1JTJDMjU1JTJDMjU1JTJDMC4yNSUyOSUzQiUyMiUzRSUzQ2RpdiUyMGRhdGEtcGVyY2VudGFnZSUzRCUyMjk1JTIyJTIwY2xhc3MlM0QlMjJwcm9ncmVzc19jb250ZW50JTIyJTIwc3R5bGUlM0QlMjJoZWlnaHQlM0ElMjAxMHB4JTNCJTIwYmFja2dyb3VuZC1jb2xvciUzQSUyMHJnYiUyODI1NSUyQyUyMDI1NSUyQyUyMDI1NSUyOSUzQiUyMHdpZHRoJTNBJTIwOTUlMjUlM0IlMjIlM0UlM0MlMkZkaXYlM0UlM0MlMkZkaXYlM0UlM0MlMkZkaXYlM0UlMEElM0NkaXYlMjBjbGFzcyUzRCUyMnNlcGFyYXRvciUyMCUyMHRyYW5zcGFyZW50JTIwJTIwJTIwJTIyJTIwc3R5bGUlM0QlMjJtYXJnaW4tdG9wJTNBJTIwMzdweCUzQm1hcmdpbi1ib3R0b20lM0ElMjAwcHglM0JoZWlnaHQlM0ElMjAwcHglM0IlMjIlM0UlM0MlMkZkaXYlM0UlMEElMEElM0NkaXYlMjBjbGFzcyUzRCUyMnFfcHJvZ3Jlc3NfYmFyJTIyJTNFJTNDaDQlMjBjbGFzcyUzRCUyMnByb2dyZXNzX3RpdGxlX2hvbGRlciUyMGNsZWFyZml4JTIyJTIwc3R5bGUlM0QlMjJjb2xvciUzQSUyMCUyM2ZmZmZmZiUzQiUyMiUzRSUzQ3NwYW4lMjBjbGFzcyUzRCUyMnByb2dyZXNzX3RpdGxlJTIyJTNFJTNDc3BhbiUzRUdyJUMzJUJDbmR1bmclMjBXJUMzJUI2aHJsZSUyMFJvaHN0b2ZmcmVjeWNsaW5nJTIwR21iSCUzQyUyRnNwYW4lM0UlM0MlMkZzcGFuJTNFJTNDc3BhbiUyMGNsYXNzJTNEJTIycHJvZ3Jlc3NfbnVtYmUlMjIlMjBzdHlsZSUzRCUyMmNvbG9yJTNBJTIwJTIzZmZmZmZmJTNCZm9udC1zaXplJTNBJTIwMThweCUzQmZvbnQtd2VpZ2h0JTNBJTIwNzAwJTNCJTIyJTNFJTNDc3BhbiUzRWkuSi4lMjAxOTUyJTNDJTJGc3BhbiUzRSUzQyUyRnNwYW4lM0UlM0MlMkZoNCUzRSUwQSUzQ2RpdiUyMGNsYXNzJTNEJTIycHJvZ3Jlc3NfY29udGVudF9vdXRlciUyMiUyMHN0eWxlJTNEJTIyaGVpZ2h0JTNBJTIwMTBweCUzQmJhY2tncm91bmQtY29sb3IlM0ElMjByZ2JhJTI4MjU1JTJDMjU1JTJDMjU1JTJDMC4yNSUyOSUzQiUyMiUzRSUzQ2RpdiUyMGRhdGEtcGVyY2VudGFnZSUzRCUyMjc1JTIyJTIwY2xhc3MlM0QlMjJwcm9ncmVzc19jb250ZW50JTIyJTIwc3R5bGUlM0QlMjJoZWlnaHQlM0ElMjAxMHB4JTNCJTIwYmFja2dyb3VuZC1jb2xvciUzQSUyMHJnYiUyODI1NSUyQyUyMDI1NSUyQyUyMDI1NSUyOSUzQiUyMHdpZHRoJTNBJTIwNzUlMjUlM0IlMjIlM0UlM0MlMkZkaXYlM0UlM0MlMkZkaXYlM0UlM0MlMkZkaXYlM0UlMEElM0NkaXYlMjBjbGFzcyUzRCUyMnNlcGFyYXRvciUyMCUyMHRyYW5zcGFyZW50JTIwJTIwJTIwJTIyJTIwc3R5bGUlM0QlMjJtYXJnaW4tdG9wJTNBJTIwMzdweCUzQm1hcmdpbi1ib3R0b20lM0ElMjAwcHglM0JoZWlnaHQlM0ElMjAwcHglM0IlMjIlM0UlM0MlMkZkaXYlM0UlMEElMEElM0NkaXYlMjBjbGFzcyUzRCUyMnFfcHJvZ3Jlc3NfYmFyJTIyJTNFJTBBJTNDaDQlMjBjbGFzcyUzRCUyMnByb2dyZXNzX3RpdGxlX2hvbGRlciUyMGNsZWFyZml4JTIyJTIwc3R5bGUlM0QlMjJjb2xvciUzQSUyMCUyM2ZmZmZmZiUzQiUyMiUzRSUwQSUzQ3NwYW4lMjBjbGFzcyUzRCUyMnByb2dyZXNzX3RpdGxlJTIyJTNFJTNDc3BhbiUzRUNvbnRhaW5lciUzQyUyRnNwYW4lM0UlM0MlMkZzcGFuJTNFJTBBJTNDc3BhbiUyMGNsYXNzJTNEJTIycHJvZ3Jlc3NfbnVtYmUlMjIlMjBzdHlsZSUzRCUyMmNvbG9yJTNBJTIwJTIzZmZmZmZmJTNCZm9udC1zaXplJTNBJTIwMThweCUzQmZvbnQtd2VpZ2h0JTNBJTIwNzAwJTNCJTIyJTNFJTNDc3BhbiUzRTM4MCUyMFN0ay4lM0MlMkZzcGFuJTNFJTNDJTJGc3BhbiUzRSUzQyUyRmg0JTNFJTBBJTNDZGl2JTIwY2xhc3MlM0QlMjJwcm9ncmVzc19jb250ZW50X291dGVyJTIyJTIwc3R5bGUlM0QlMjJoZWlnaHQlM0ElMjAxMHB4JTNCYmFja2dyb3VuZC1jb2xvciUzQSUyMHJnYmElMjgyNTUlMkMyNTUlMkMyNTUlMkMwLjI1JTI5JTNCJTIyJTNFJTNDZGl2JTIwZGF0YS1wZXJjZW50YWdlJTNEJTIyNDUlMjIlMjBjbGFzcyUzRCUyMnByb2dyZXNzX2NvbnRlbnQlMjIlMjBzdHlsZSUzRCUyMmhlaWdodCUzQSUyMDEwcHglM0IlMjBiYWNrZ3JvdW5kLWNvbG9yJTNBJTIwcmdiJTI4MjU1JTJDJTIwMjU1JTJDJTIwMjU1JTI5JTNCJTIwd2lkdGglM0ElMjA0NSUyNSUzQiUyMiUzRSUzQyUyRmRpdiUzRSUzQyUyRmRpdiUzRSUzQyUyRmRpdiUzRSUwQSUzQ2RpdiUyMGNsYXNzJTNEJTIyc2VwYXJhdG9yJTIwJTIwdHJhbnNwYXJlbnQlMjAlMjAlMjAlMjIlMjBzdHlsZSUzRCUyMm1hcmdpbi10b3AlM0ElMjAzN3B4JTNCbWFyZ2luLWJvdHRvbSUzQSUyMDBweCUzQmhlaWdodCUzQSUyMDBweCUzQiUyMiUzRSUzQyUyRmRpdiUzRSUwQSUwQSUzQ2RpdiUyMGNsYXNzJTNEJTIycV9wcm9ncmVzc19iYXIlMjIlM0UlMEElM0NoNCUyMGNsYXNzJTNEJTIycHJvZ3Jlc3NfdGl0bGVfaG9sZGVyJTIwY2xlYXJmaXglMjIlMjBzdHlsZSUzRCUyMmNvbG9yJTNBJTIwJTIzZmZmZmZmJTNCJTIyJTNFJTNDc3BhbiUyMGNsYXNzJTNEJTIycHJvZ3Jlc3NfdGl0bGUlMjIlM0UlM0NzcGFuJTNFV2VydHN0b2ZmU29ydGVuJTIwJTNDJTJGc3BhbiUzRSUzQyUyRnNwYW4lM0UlM0NzcGFuJTIwY2xhc3MlM0QlMjJwcm9ncmVzc19udW1iZSUyMiUyMHN0eWxlJTNEJTIyY29sb3IlM0ElMjAlMjNmZmZmZmYlM0Jmb250LXNpemUlM0ElMjAxOHB4JTNCZm9udC13ZWlnaHQlM0ElMjA3MDAlM0IlMjIlM0UlM0NzcGFuJTNFMTUwJTIwU3RrLiUzQyUyRnNwYW4lM0UlM0MlMkZzcGFuJTNFJTNDJTJGaDQlM0UlMEElM0NkaXYlMjBjbGFzcyUzRCUyMnByb2dyZXNzX2NvbnRlbnRfb3V0ZXIlMjIlMjBzdHlsZSUzRCUyMmhlaWdodCUzQSUyMDEwcHglM0JiYWNrZ3JvdW5kLWNvbG9yJTNBJTIwcmdiYSUyODI1NSUyQzI1NSUyQzI1NSUyQzAuMjUlMjklM0IlMjIlM0UlMEElM0NkaXYlMjBkYXRhLXBlcmNlbnRhZ2UlM0QlMjIyMCUyMiUyMGNsYXNzJTNEJTIycHJvZ3Jlc3NfY29udGVudCUyMiUyMHN0eWxlJTNEJTIyaGVpZ2h0JTNBJTIwMTBweCUzQiUyMGJhY2tncm91bmQtY29sb3IlM0ElMjByZ2IlMjgyNTUlMkMlMjAyNTUlMkMlMjAyNTUlMjklM0IlMjB3aWR0aCUzQSUyMDIwJTI1JTNCJTIyJTNFJTNDJTJGZGl2JTNFJTNDJTJGZGl2JTNFJTNDJTJGZGl2JTNFJTBBJTNDZGl2JTIwY2xhc3MlM0QlMjJzZXBhcmF0b3IlMjAlMjB0cmFuc3BhcmVudCUyMCUyMCUyMCUyMiUyMHN0eWxlJTNEJTIybWFyZ2luLXRvcCUzQSUyMDYwcHglM0JtYXJnaW4tYm90dG9tJTNBJTIwMHB4JTNCaGVpZ2h0JTNBJTIwMHB4JTNCJTIyJTNFJTNDJTJGZGl2JTNF[\/vc_raw_html][\/vc_column_inner][\/vc_row_inner][vc_separator type=&#187;transparent&#187; thickness=&#187;0&#8243; up=&#187;49&#8243; down=&#187;0&#8243;][\/vc_column][\/vc_row]<\/p>\n","protected":false},"excerpt":{"rendered":"<p>[vc_row css_animation=&#187;&#187; row_type=&#187;row&#187; use_row_as_full_screen_section=&#187;no&#187; type=&#187;grid&#187; angled_section=&#187;no&#187; text_align=&#187;left&#187; background_image_as_pattern=&#187;without_pattern&#187; css=&#187;.vc_custom_1518369557586{background-color: #f5f5f5 !important;}&#187; z_index=&#187;&#187;][vc_column][vc_separator type=&#187;transparent&#187; thickness=&#187;0&#8243; up=&#187;53&#8243; down=&#187;0&#8243;][vc_raw_html]JTNDaDIlMjBjbGFzcyUzRCUyMmNlbnRlciUyMiUzRUhlcnpsaWNoJTIwd2lsbGtvbW1lbiUyMCUzQyUyRmgyJTNF[\/vc_raw_html][vc_separator type=&#187;transparent&#187; thickness=&#187;0&#8243; up=&#187;32&#8243; down=&#187;0&#8243;][vc_column_text] Liebe Kunden, unser Betrieb bleibt bis auf weiteres f\u00fcr private Anlieferungen von Abfall \/ Holz \/ Bauschutt \/ Flachglas geschlossen. Sonstige Wertstoffe wie Alteisen, Guss,&#8230;<\/p>\n","protected":false},"author":1,"featured_media":0,"parent":0,"menu_order":0,"comment_status":"closed","ping_status":"closed","template":"full_width.php","meta":{"inline_featured_image":false},"_links":{"self":[{"href":"https:\/\/schrott-woehrle.de\/de\/wp-json\/wp\/v2\/pages\/5"}],"collection":[{"href":"https:\/\/schrott-woehrle.de\/de\/wp-json\/wp\/v2\/pages"}],"about":[{"href":"https:\/\/schrott-woehrle.de\/de\/wp-json\/wp\/v2\/types\/page"}],"author":[{"embeddable":true,"href":"https:\/\/schrott-woehrle.de\/de\/wp-json\/wp\/v2\/users\/1"}],"replies":[{"embeddable":true,"href":"https:\/\/schrott-woehrle.de\/de\/wp-json\/wp\/v2\/comments?post=5"}],"version-history":[{"count":83,"href":"https:\/\/schrott-woehrle.de\/de\/wp-json\/wp\/v2\/pages\/5\/revisions"}],"predecessor-version":[{"id":1668,"href":"https:\/\/schrott-woehrle.de\/de\/wp-json\/wp\/v2\/pages\/5\/revisions\/1668"}],"wp:attachment":[{"href":"https:\/\/schrott-woehrle.de\/de\/wp-json\/wp\/v2\/media?parent=5"}],"curies":[{"name":"wp","href":"https:\/\/api.w.org\/{rel}","templated":true}]}}