{"id":332,"date":"2018-01-13T20:29:08","date_gmt":"2018-01-13T20:29:08","guid":{"rendered":"http:\/\/schrott-woehrle.de\/?page_id=332"},"modified":"2026-03-20T10:05:33","modified_gmt":"2026-03-20T10:05:33","slug":"servi%d1%81es","status":"publish","type":"page","link":"https:\/\/schrott-woehrle.de\/de\/servi%d1%81es\/","title":{"rendered":"Unser Service"},"content":{"rendered":"<p>[vc_row css_animation=&#187;&#187; row_type=&#187;row&#187; use_row_as_full_screen_section=&#187;no&#187; type=&#187;grid&#187; angled_section=&#187;no&#187; text_align=&#187;center&#187; background_image_as_pattern=&#187;without_pattern&#187; z_index=&#187;&#187;][vc_column css=&#187;.vc_custom_1523442739864{padding-top: 30px !important;}&#187;][vc_column_text]<\/p>\n<div class=\"justify\">\n<p>F\u00fcr Industrie, Gewerbe und Privatpersonen ist die W\u00f6hrle Rohstoffrecycling GmbH seit \u00fcber 65 Jahren die zentrale Anlaufstelle f\u00fcr alle Entsorgungsg\u00fcter. Unser Fuhrpark h\u00e4lt f\u00fcr eine Vielzahl von Aufgaben und Herausforderungen das geeignete Fahrzeug f\u00fcr Sie bereit. Mit guter Beratung, fairen Preisen und promptem Service aus einer Hand finden Sie in uns Ihren verantwortungsvollen Partner f\u00fcr alle Stufen des Recyclings.<\/p>\n<p>&nbsp;<\/p>\n<p>Gerne beraten wir Sie pers\u00f6nlich und bieten Ihnen individuelle L\u00f6sungsvorschl\u00e4ge an.<\/p>\n<p>Aus vermeintlichen Reststoffen machen wir Wertstoffe, die wieder zur\u00fcck an den Markt gelangen. Bei uns k\u00f6nnen Sie viele G\u00fcter kostenfrei entsorgen, f\u00fcr einige erheben wir eine Geb\u00fchr. Die aktuellen Preise entnehmen Sie bitte der <a href=\"https:\/\/schrott-woehrle.de\/de\/about-us\/downloads\/\">Preisliste<\/a>.<\/p>\n<p>&nbsp;<\/p>\n<h2><strong>Wichtige Information f\u00fcr Ihre Anlieferung:<\/strong><\/h2>\n<p>&nbsp;<\/p>\n<p>Bitte bringen Sie zur Identifizierung Ihren g\u00fcltigen Personalausweis mit.<\/p>\n<p>Nach der Abgabenordnung (\u00a7 143 AO) sind wir gezwungen, personenbezogene Kundendaten zu registrieren. Wir versichern Ihnen, dass Ihre Daten ausschlie\u00dflich f\u00fcr Buchungszwecke entsprechend den Vorgaben der Finanzverwaltung genutzt werden.<\/p><\/div>\n<p>[\/vc_column_text][vc_row_inner row_type=&#187;row&#187; type=&#187;full_width&#187; text_align=&#187;left&#187; css_animation=&#187;&#187;][vc_column_inner][vc_empty_space height=&#187;22px&#187;][vc_gallery type=&#187;image_grid&#187; images=&#187;339,340,341,342,343,344&#8243; img_size=&#187;large&#187; css_animation=&#187;appear&#187; column_number=&#187;3&#8243; grayscale=&#187;yes&#187; images_space=&#187;gallery_with_space&#187;][vc_empty_space height=&#187;22px&#187;][\/vc_column_inner][\/vc_row_inner][\/vc_column][\/vc_row][vc_row css_animation=&#187;&#187; row_type=&#187;row&#187; use_row_as_full_screen_section=&#187;no&#187; type=&#187;full_width&#187; angled_section=&#187;no&#187; text_align=&#187;left&#187; background_image_as_pattern=&#187;without_pattern&#187;][vc_column][vc_column_text]<br \/>\n<script type=\"text\/javascript\">\nfunction changeImg(){\njQuery('.title.title_size_medium.position_left.has_fixed_background').css('background-image', 'url(\/wp-content\/uploads\/2018\/02\/servicesnew.jpg)');\n}\nchangeImg();\n<\/script>[\/vc_column_text][\/vc_column][\/vc_row]<\/p>\n","protected":false},"excerpt":{"rendered":"<p>[vc_row css_animation=&#187;&#187; row_type=&#187;row&#187; use_row_as_full_screen_section=&#187;no&#187; type=&#187;grid&#187; angled_section=&#187;no&#187; text_align=&#187;center&#187; background_image_as_pattern=&#187;without_pattern&#187; z_index=&#187;&#187;][vc_column css=&#187;.vc_custom_1523442739864{padding-top: 30px !important;}&#187;][vc_column_text] F\u00fcr Industrie, Gewerbe und Privatpersonen ist die W\u00f6hrle Rohstoffrecycling GmbH seit \u00fcber 65 Jahren die zentrale Anlaufstelle f\u00fcr alle Entsorgungsg\u00fcter. Unser Fuhrpark h\u00e4lt f\u00fcr eine Vielzahl von Aufgaben und Herausforderungen das geeignete Fahrzeug&#8230;<\/p>\n","protected":false},"author":1,"featured_media":0,"parent":0,"menu_order":0,"comment_status":"closed","ping_status":"closed","template":"full_width.php","meta":{"inline_featured_image":false},"_links":{"self":[{"href":"https:\/\/schrott-woehrle.de\/de\/wp-json\/wp\/v2\/pages\/332"}],"collection":[{"href":"https:\/\/schrott-woehrle.de\/de\/wp-json\/wp\/v2\/pages"}],"about":[{"href":"https:\/\/schrott-woehrle.de\/de\/wp-json\/wp\/v2\/types\/page"}],"author":[{"embeddable":true,"href":"https:\/\/schrott-woehrle.de\/de\/wp-json\/wp\/v2\/users\/1"}],"replies":[{"embeddable":true,"href":"https:\/\/schrott-woehrle.de\/de\/wp-json\/wp\/v2\/comments?post=332"}],"version-history":[{"count":34,"href":"https:\/\/schrott-woehrle.de\/de\/wp-json\/wp\/v2\/pages\/332\/revisions"}],"predecessor-version":[{"id":1675,"href":"https:\/\/schrott-woehrle.de\/de\/wp-json\/wp\/v2\/pages\/332\/revisions\/1675"}],"wp:attachment":[{"href":"https:\/\/schrott-woehrle.de\/de\/wp-json\/wp\/v2\/media?parent=332"}],"curies":[{"name":"wp","href":"https:\/\/api.w.org\/{rel}","templated":true}]}}