{"id":108,"date":"2016-02-22T13:53:46","date_gmt":"2016-02-22T13:53:46","guid":{"rendered":"http:\/\/bridge9.qodeinteractive.com\/?page_id=108"},"modified":"2026-03-20T10:04:11","modified_gmt":"2026-03-20T10:04:11","slug":"about-us","status":"publish","type":"page","link":"https:\/\/schrott-woehrle.de\/de\/about-us\/","title":{"rendered":"\u00dcber uns"},"content":{"rendered":"<p>[vc_row css_animation=&#187;&#187; row_type=&#187;row&#187; use_row_as_full_screen_section=&#187;no&#187; type=&#187;full_width&#187; angled_section=&#187;no&#187; text_align=&#187;left&#187; background_image_as_pattern=&#187;without_pattern&#187;][vc_column][vc_row_inner row_type=&#187;row&#187; type=&#187;full_width&#187; text_align=&#187;left&#187; css_animation=&#187;&#187;][vc_column_inner][vc_empty_space][vc_empty_space][vc_raw_html]JTNDaDIlMjBjbGFzcyUzRCUyMmNlbnRlciUyMiUzRUVpbiUyMHN0YXJrZXMlMjBTaWduYWwlMjBmJUMzJUJDciUyMGRpZSUyMFp1a3VuZnQlM0MlMkZoMiUzRQ==[\/vc_raw_html][vc_raw_html]JTNDaDMlM0VNaWVsbmlrJTIwR21iSCUyMCVDMyVCQ2Jlcm5pbW10JTIwVyVDMyVCNmhybGUlMjBSb2hzdG9mZnJlY3ljbGluZyUyMEdtYkglM0MlMkZoMyUzRQ==[\/vc_raw_html][vc_empty_space][vc_raw_html el_class=&#187;justify&#187; css=&#187;.vc_custom_1760953952367{background-color: #e2e2e2 !important;}&#187;]JTNDc2VjdGlvbiUyMGlkJTNEJTIydWViZXItdW5zJTIyJTIwc3R5bGUlM0QlMjJ0ZXh0LWFsaWduJTNBY2VudGVyJTNCJTIyJTNFJTBBJTBBJTBBJTIwJTIwJTNDcCUyMHN0eWxlJTNEJTIyZm9udC1zaXplJTNBbGFyZ2VyJTNCJTIyJTNFJTNDc3Ryb25nJTNFWnVtJTIwMDEuMDEuMjAyNSUzQyUyRnN0cm9uZyUzRSUyMGhhdCUyMGRpZSUyMCUzQ3N0cm9uZyUzRU1pZWxuaWslMjBHbWJIJTNDJTJGc3Ryb25nJTNFJTIwZGllJTIwR2VzZWxsc2NoYWZ0c2FudGVpbGUlMjBkZXIlMjAlM0NzdHJvbmclM0VXJUMzJUI2aHJsZSUyMFJvaHN0b2ZmcmVjeWNsaW5nJTIwR21iSCUzQyUyRnN0cm9uZyUzRSUyMCVDMyVCQ2Jlcm5vbW1lbi4lMjBOZXVlciUyMEdlc2VsbHNjaGFmdGVyJTIwaXN0JTIwJTNDc3Ryb25nJTNFUGF0cmljayUyME1pZWxuaWslM0MlMkZzdHJvbmclM0UlMkMlMjBkZXIlMjBrJUMzJUJDbmZ0aWclMjBkaWUlMjBzdHJhdGVnaXNjaGUlMjBFbnR3aWNrbHVuZyUyMGRlcyUyMFVudGVybmVobWVucyUyMHZlcmFudHdvcnRldC4lM0MlMkZwJTNFJTBBJTBBJTIwJTIwJTNDcCUyMHN0eWxlJTNEJTIyZm9udC1zaXplJTNBbGFyZ2VyJTNCJTIyJTNFRGllJTIwZ3V0ZSUyME5hY2hyaWNodCUzQSUyMFdpciUyMCVFMiU4MCU5MyUyMCUzQ3N0cm9uZyUzRVJlZ2luYSUyMHVuZCUyMFZvbGtlciUyMFclQzMlQjZocmxlJTNDJTJGc3Ryb25nJTNFJTIwJUUyJTgwJTkzJTIwYmxlaWJlbiUyMHdlaXRlcmhpbiUyMGFscyUyMEdlc2NoJUMzJUE0ZnRzZiVDMyVCQ2hyZXIlMjBha3Rpdi4lMjBEYW1pdCUyMGJsZWlidCUyMGF1Y2glMjBkaWUlMjBnZXdvaG50ZSUyMCUzQ3N0cm9uZyUzRVF1YWxpdCVDMyVBNHQlMkMlMjBadXZlcmwlQzMlQTRzc2lna2VpdCUyMHVuZCUyMHBlcnMlQzMlQjZubGljaGUlMjBCZXRyZXV1bmclM0MlMkZzdHJvbmclM0UlMjBlcmhhbHRlbiUyQyUyMGRpZSUyMHVuc2VyZSUyMEt1bmRlbiUyMHNlaXQlMjBKYWhyemVobnRlbiUyMHNjaCVDMyVBNHR6ZW4uJTNDJTJGcCUzRSUwQSUwQSUyMCUyMCUzQ2Jsb2NrcXVvdGUlMjBzdHlsZSUzRCUyMmZvbnQtc2l6ZSUzQWxhcmdlciUzQiUyMGZvbnQtc3R5bGUlM0FpdGFsaWMlM0IlMjBtYXJnaW4lM0EyMHB4JTIwYXV0byUzQiUyMG1heC13aWR0aCUzQTgwMHB4JTNCJTIyJTNFJTBBJTIwJTIwJTIwJTIwJUUyJTgwJTlFRiVDMyVCQ3IlMjB1bnMlMjB3YXIlMjBlbnRzY2hlaWRlbmQlMkMlMjBkYXNzJTIwdW5zZXIlMjBVbnRlcm5laG1lbiUyMGluJTIwZGllJTIwcmljaHRpZ2VuJTIwSCVDMyVBNG5kZSUyMGtvbW10LiUyME1pdCUyMGRlciUyMEZpcm1hJTIwTWllbG5payUyMGhhYmVuJTIwd2lyJTIwZWluZW4lMjBQYXJ0bmVyJTIwZ2VmdW5kZW4lMkMlMjBkZXIlMjBuaWNodCUyMG51ciUyMGZhY2hsaWNoJTIwJUMzJUJDYmVyemV1Z3QlMkMlMjBzb25kZXJuJTIwYXVjaCUyMHVuc2VyZSUyMFdlcnRlJTIwdW5kJTIwdW5zZXJlJTIwcmVnaW9uYWxlJTIwVmVyYnVuZGVuaGVpdCUyMHRlaWx0JUUyJTgwJTlDJTJDJTIwc2FndCUyMFZvbGtlciUyMFclQzMlQjZocmxlLiUwQSUyMCUyMCUzQyUyRmJsb2NrcXVvdGUlM0UlMEElMEElMjAlMjAlM0NwJTIwc3R5bGUlM0QlMjJmb250LXNpemUlM0FsYXJnZXIlM0IlMjIlM0VTZWl0JTIwJUMzJUJDYmVyJTIwJTNDc3Ryb25nJTNFNjAlMjBKYWhyZW4lM0MlMkZzdHJvbmclM0UlMjBzdGVodCUyMCUzQ3N0cm9uZyUzRVclQzMlQjZocmxlJTNDJTJGc3Ryb25nJTNFJTIwZiVDMyVCQ3IlMjAlM0NzdHJvbmclM0VuYWNoaGFsdGlnZSUyMFNjaHJvdHQtJTIwdW5kJTIwTWV0YWxsdmVyd2VydHVuZyUzQyUyRnN0cm9uZyUzRSUyQyUyMG1vZGVybmUlMjBSZWN5Y2xpbmdwcm96ZXNzZSUyMHVuZCUyMHZlcmFudHdvcnR1bmdzdm9sbGVuJTIwVW1nYW5nJTIwbWl0JTIwUmVzc291cmNlbi4lMjAlM0NzdHJvbmclM0VWZXJsJUMzJUE0c3NsaWNoa2VpdCUyQyUyMFJlZ2lvbmFsaXQlQzMlQTR0JTIwdW5kJTIwTmFjaGhhbHRpZ2tlaXQlM0MlMkZzdHJvbmclM0UlMjBzaW5kJTIwZGllJTIwUyVDMyVBNHVsZW4lMkMlMjBhdWYlMjBkZW5lbiUyMHdpciUyMHVuc2VyJTIwVW50ZXJuZWhtZW4lMjBhdWNoJTIwayVDMyVCQ25mdGlnJTIwd2VpdGVyZW50d2lja2VsbiUyMG0lQzMlQjZjaHRlbi5HZW1laW5zYW0lMjBtaXQlMjBkZXIlMjAlM0NzdHJvbmclM0VNaWVsbmlrJTIwR21iSCUzQyUyRnN0cm9uZyUzRSUyMHdvbGxlbiUyMHdpciUyMHVuc2VyZSUyMGJldyVDMyVBNGhydGVuJTIwU3RydWt0dXJlbiUyMHN0JUMzJUE0cmtlbiUyMHVuZCUyMHp1Z2xlaWNoJTIwbmV1ZSUyMEltcHVsc2UlMjBzZXR6ZW4lMjAlRTIlODAlOTMlMjBpbiUyMCUzQ3N0cm9uZyUzRVRlY2huaWslMkMlMjBEaWdpdGFsaXNpZXJ1bmclMjB1bmQlMjBuYWNoaGFsdGlnZXIlMjBFbnR3aWNrbHVuZyUzQyUyRnN0cm9uZyUzRS4lM0MlMkZwJTNFJTBBJTBBJTIwJTIwJTNDcCUyMHN0eWxlJTNEJTIyZm9udC1zaXplJTNBbGFyZ2VyJTNCJTIyJTNFV2FzJTIwYmxlaWJ0JTJDJTIwaXN0JTIwdW5zZXIlMjBWZXJzcHJlY2hlbiUzQSUyMFdpciUyMGhhbmRlbG4lMjBpbSUyMFNpbm5lJTIwdW5zZXJlciUyMCUzQ3N0cm9uZyUzRUt1bmRlbiUyQyUyME1pdGFyYmVpdGVuZGVuJTIwdW5kJTIwdW5zZXJlciUyMFVtd2VsdC5XYXMlMjBrb21tdCUyQyUyMGlzdCUyMGZyaXNjaGVyJTIwV2luZCUyMCVFMiU4MCU5MyUyMG1pdCUyMHZlcnRyYXV0ZXIlMjBIYW5kc2NocmlmdC4lM0MlMkZwJTNFJTBBJTBBJTIwJTIwJTNDYmxvY2txdW90ZSUyMHN0eWxlJTNEJTIyZm9udC1zaXplJTNBbGFyZ2VyJTNCJTIwZm9udC1zdHlsZSUzQWl0YWxpYyUzQiUyMG1hcmdpbiUzQTIwcHglMjBhdXRvJTNCJTIwbWF4LXdpZHRoJTNBODAwcHglM0IlMjIlM0UlMEElMjAlMjAlMjAlMjAlRTIlODAlOUVXYXMlMjBtYW4lMjBlcmJ0JTJDJTIwc29sbCUyMG1hbiUyMG5pY2h0JTIwbnVyJTIwYmV3YWhyZW4lMkMlMjBzb25kZXJuJTIwd2VpdGVyYmF1ZW4uJUUyJTgwJTlDJTNDYnIlM0UlMEElMjAlMjAlMjAlMjBHZW5hdSUyMGRhcyUyMGhhYmVuJTIwd2lyJTIwdm9yJTNBJTIwZ2VtZWluc2FtJTJDJTIwbmFjaGhhbHRpZyUyMHVuZCUyMHp1a3VuZnRzb3JpZW50aWVydC4lMEElMjAlMjAlM0MlMkZibG9ja3F1b3RlJTNFJTBBJTBBJTIwJTIwJTNDcCUyMHN0eWxlJTNEJTIyZm9udC1zaXplJTNBbGFyZ2VyJTNCJTIyJTNFRGllc2VyJTIwVGV4dCUyMGlzdCUyMGVpbmUlMjBnZW1laW5zYW1lJTIwTWl0dGVpbHVuZyUyMGRlciUyMEdlc2NoJUMzJUE0ZnRzZiVDMyVCQ2hydW5nJTIwdm9uJTIwJTNDc3Ryb25nJTNFVyVDMyVCNmhybGUlMjBSb2hzdG9mZnJlY3ljbGluZyUyMEdtYkglM0MlMkZzdHJvbmclM0UlMjB1bmQlMjAlM0NzdHJvbmclM0VQYXRyaWNrJTIwTWllbG5payUyMCUyOE1pZWxuaWslMjBHbWJIJTI5JTNDJTJGc3Ryb25nJTNFLiUzQyUyRnAlM0UlMEElM0MlMkZzZWN0aW9uJTNFJTBBJTBB[\/vc_raw_html][vc_empty_space][\/vc_column_inner][\/vc_row_inner][vc_empty_space][qode_content_slider auto_rotate=&#187;10&#8243; direction_nav=&#187;yes&#187; control_nav=&#187;yes&#187; control_nav_justify=&#187;yes&#187; pause_on_hover=&#187;yes&#187;][qode_content_slider_item][vc_row_inner row_type=&#187;row&#187; type=&#187;grid&#187; text_align=&#187;left&#187; css_animation=&#187;&#187;][vc_column_inner width=&#187;1\/4&#8243;][vc_empty_space height=&#187;26px&#187;][vc_column_text]<\/p>\n<h2>Wir sind ein Team<\/h2>\n<p>[\/vc_column_text][vc_empty_space][vc_column_text]Sie finden in uns einen verantwortungsvollen Partner f\u00fcr alle Stufen des Recyclings von Alteisen, Metallen, Haushaltsger\u00e4ten, Unterhaltungselektronik und vielen anderen Materialien.[\/vc_column_text][\/vc_column_inner][vc_column_inner width=&#187;3\/4&#8243;][vc_single_image image=&#187;930&#8243; img_size=&#187;full&#187; alignment=&#187;center&#187; qode_css_animation=&#187;&#187; css=&#187;.vc_custom_1773999510867{margin-top: 30px !important;margin-right: 30px !important;margin-bottom: 30px !important;margin-left: 30px !important;}&#187;][\/vc_column_inner][\/vc_row_inner][\/qode_content_slider_item][qode_content_slider_item][vc_row_inner row_type=&#187;row&#187; type=&#187;grid&#187; text_align=&#187;left&#187; css_animation=&#187;&#187;][vc_column_inner width=&#187;1\/4&#8243;][vc_empty_space height=&#187;26px&#187;][vc_column_text]<\/p>\n<h2 style=\"text-align: center;\">Wir sind ein Familien-unternehmen<\/h2>\n<p>[\/vc_column_text][vc_empty_space][vc_column_text]Die Firma W\u00f6hrle Rohstoffrecycling GmbH wurde in 1952 gegr\u00fcndet und ist nun bereits seit \u00fcber 60 Jahren in der Schrott- und Recycling-Branche t\u00e4tig. 1984 \u00fcbernahm der heutige Gesch\u00e4ftsinhaber Volker W\u00f6hrle den Betrieb seines Vaters.[\/vc_column_text][\/vc_column_inner][vc_column_inner width=&#187;3\/4&#8243;][vc_single_image image=&#187;1002&#8243; img_size=&#187;full&#187; add_caption=&#187;yes&#187; alignment=&#187;center&#187; qode_css_animation=&#187;&#187; css=&#187;.vc_custom_1773999537461{margin-top: 30px !important;margin-right: 30px !important;margin-bottom: 30px !important;margin-left: 30px !important;}&#187;][\/vc_column_inner][\/vc_row_inner][\/qode_content_slider_item][\/qode_content_slider][\/vc_column][\/vc_row][vc_row css_animation=&#187;&#187; row_type=&#187;row&#187; use_row_as_full_screen_section=&#187;no&#187; type=&#187;full_width&#187; angled_section=&#187;no&#187; text_align=&#187;left&#187; background_image_as_pattern=&#187;without_pattern&#187;][vc_column width=&#187;1\/12&#8243;][vc_empty_space][\/vc_column][vc_column width=&#187;10\/12&#8243;][vc_column_text]<\/p>\n<h2><strong>Leitlinien<\/strong><\/h2>\n<p>[\/vc_column_text][vc_empty_space][\/vc_column][vc_column width=&#187;1\/12&#8243;][vc_empty_space height=&#187;10px&#187;][\/vc_column][\/vc_row][vc_row css_animation=&#187;&#187; row_type=&#187;row&#187; use_row_as_full_screen_section=&#187;no&#187; type=&#187;grid&#187; angled_section=&#187;no&#187; text_align=&#187;left&#187; background_image_as_pattern=&#187;without_pattern&#187; css=&#187;.vc_custom_1518371584013{padding-top: 0px !important;padding-bottom: 18px !important;}&#187; z_index=&#187;&#187;][vc_column width=&#187;1\/2&#8243; offset=&#187;vc_col-lg-4 vc_col-md-4&#8243;][vc_column_text]<\/p>\n<h4>Moralische Verpflichtung<\/h4>\n<p>[\/vc_column_text][vc_empty_space height=&#187;10px&#187;][vc_single_image image=&#187;901&#8243; img_size=&#187;580&#215;356&#8243; qode_css_animation=&#187;&#187;][vc_separator type=&#187;transparent&#187; thickness=&#187;0&#8243; up=&#187;36&#8243; down=&#187;0&#8243;][vc_separator type=&#187;transparent&#187; thickness=&#187;0&#8243; up=&#187;23&#8243; down=&#187;0&#8243;][vc_separator type=&#187;transparent&#187; thickness=&#187;0&#8243; up=&#187;53&#8243; down=&#187;0&#8243;][\/vc_column][vc_column width=&#187;1\/2&#8243;][vc_empty_space height=&#187;18px&#187;][vc_column_text]Recycling ist nicht nur eine wirtschaftliche oder technische Frage, sondern vor allem eine moralische Verpflichtung. Um unsere Lebensqualit\u00e4t f\u00fcr die Zukunft und unsere Kinder zu erhalten, m\u00fcssen alle Ressourcen optimal genutzt werden.<\/p>\n<p>Wir setzen uns f\u00fcr die Erhaltung der Rohstoffe ein.[\/vc_column_text][\/vc_column][\/vc_row][vc_row css_animation=&#187;&#187; row_type=&#187;row&#187; use_row_as_full_screen_section=&#187;no&#187; type=&#187;grid&#187; header_style=&#187;dark&#187; angled_section=&#187;no&#187; text_align=&#187;left&#187; background_image_as_pattern=&#187;without_pattern&#187; z_index=&#187;&#187; css=&#187;.vc_custom_1518371632931{padding-bottom: 40px !important;}&#187;][vc_column][vc_empty_space][vc_column_text]<\/p>\n<h2><strong>Sponsoring<\/strong><\/h2>\n<p>[\/vc_column_text][vc_empty_space][vc_column_text]W\u00f6hrle\u00a0Rohstoffrecycling GmbH ist mehr als Entsorgung und Recycling. Als lokales Familienunternehmen engagiert sich die W\u00f6hrle Rohstoffrecycling GmbH f\u00fcr Mensch und Umwelt. Wir unterst\u00fctzen Sport und Jugendarbeit, verschiedene Veranstaltungen und Vereine mit Geld- und Sachspenden.[\/vc_column_text][vc_empty_space][vc_separator type=&#187;normal&#187; color=&#187;#ffffff&#187;][\/vc_column][\/vc_row][vc_row css_animation=&#187;&#187; row_type=&#187;row&#187; use_row_as_full_screen_section=&#187;no&#187; type=&#187;full_width&#187; angled_section=&#187;no&#187; text_align=&#187;left&#187; background_image_as_pattern=&#187;without_pattern&#187;][vc_column width=&#187;1\/6&#8243;][\/vc_column][vc_column width=&#187;1\/6&#8243;][vc_single_image image=&#187;937&#8243; img_size=&#187;full&#187; onclick=&#187;custom_link&#187; img_link_target=&#187;_blank&#187; qode_css_animation=&#187;&#187; link=&#187;http:\/\/www.narrenzunft-sulgen.de\/&#187; css=&#187;.vc_custom_1519255421473{padding-top: 50px !important;}&#187;][\/vc_column][vc_column width=&#187;1\/6&#8243;][vc_single_image image=&#187;940&#8243; img_size=&#187;full&#187; onclick=&#187;custom_link&#187; img_link_target=&#187;_blank&#187; qode_css_animation=&#187;&#187; link=&#187;https:\/\/www.sgschramberg.de\/&#187;][\/vc_column][vc_column width=&#187;1\/6&#8243;][vc_single_image image=&#187;941&#8243; img_size=&#187;full&#187; onclick=&#187;custom_link&#187; img_link_target=&#187;_blank&#187; qode_css_animation=&#187;&#187; link=&#187;http:\/\/www.kinderprojekt-arche.eu\/&#187; css=&#187;.vc_custom_1519255471020{padding-top: 38px !important;}&#187;][\/vc_column][vc_column width=&#187;1\/6&#8243;][vc_single_image image=&#187;942&#8243; img_size=&#187;full&#187; onclick=&#187;custom_link&#187; img_link_target=&#187;_blank&#187; qode_css_animation=&#187;&#187; link=&#187;https:\/\/www.feuerwehr-schramberg.de\/&#187;][\/vc_column][vc_column width=&#187;1\/6&#8243;][\/vc_column][\/vc_row][vc_row css_animation=&#187;&#187; row_type=&#187;row&#187; use_row_as_full_screen_section=&#187;no&#187; type=&#187;full_width&#187; angled_section=&#187;no&#187; text_align=&#187;left&#187; background_image_as_pattern=&#187;without_pattern&#187;][vc_column][vc_separator type=&#187;normal&#187; color=&#187;#ffffff&#187;][\/vc_column][\/vc_row][vc_row css_animation=&#187;&#187; row_type=&#187;row&#187; use_row_as_full_screen_section=&#187;no&#187; type=&#187;full_width&#187; angled_section=&#187;no&#187; text_align=&#187;left&#187; background_image_as_pattern=&#187;without_pattern&#187;][vc_column width=&#187;1\/6&#8243;][\/vc_column][vc_column width=&#187;1\/6&#8243;][vc_single_image image=&#187;944&#8243; img_size=&#187;full&#187; onclick=&#187;custom_link&#187; img_link_target=&#187;_blank&#187; qode_css_animation=&#187;&#187; link=&#187;http:\/\/www.narrenzunft-schramberg.de\/&#187; css=&#187;.vc_custom_1519255551285{padding-top: 72px !important;}&#187;][\/vc_column][vc_column width=&#187;1\/6&#8243;][vc_single_image image=&#187;945&#8243; img_size=&#187;full&#187; onclick=&#187;custom_link&#187; img_link_target=&#187;_blank&#187; qode_css_animation=&#187;&#187; link=&#187;http:\/\/www.szene-64.de\/&#187;][\/vc_column][vc_column width=&#187;1\/6&#8243;][vc_single_image image=&#187;943&#8243; img_size=&#187;full&#187; onclick=&#187;custom_link&#187; img_link_target=&#187;_blank&#187; qode_css_animation=&#187;&#187; link=&#187;https:\/\/www.facebook.com\/falkenhexen&#187; css=&#187;.vc_custom_1519255585877{padding-top: 45px !important;}&#187;][\/vc_column][vc_column width=&#187;1\/6&#8243;][\/vc_column][vc_column width=&#187;1\/6&#8243;][\/vc_column][\/vc_row][vc_row css_animation=&#187;&#187; row_type=&#187;row&#187; use_row_as_full_screen_section=&#187;no&#187; type=&#187;full_width&#187; angled_section=&#187;no&#187; text_align=&#187;left&#187; background_image_as_pattern=&#187;without_pattern&#187;][vc_column][vc_separator type=&#187;normal&#187; color=&#187;#ffffff&#187; up=&#187;30px&#187;][\/vc_column][\/vc_row]<\/p>\n","protected":false},"excerpt":{"rendered":"<p>[vc_row css_animation=&#187;&#187; row_type=&#187;row&#187; use_row_as_full_screen_section=&#187;no&#187; type=&#187;full_width&#187; angled_section=&#187;no&#187; text_align=&#187;left&#187; background_image_as_pattern=&#187;without_pattern&#187;][vc_column][vc_row_inner row_type=&#187;row&#187; type=&#187;full_width&#187; text_align=&#187;left&#187; css_animation=&#187;&#187;][vc_column_inner][vc_empty_space][vc_empty_space][vc_raw_html]JTNDaDIlMjBjbGFzcyUzRCUyMmNlbnRlciUyMiUzRUVpbiUyMHN0YXJrZXMlMjBTaWduYWwlMjBmJUMzJUJDciUyMGRpZSUyMFp1a3VuZnQlM0MlMkZoMiUzRQ==[\/vc_raw_html][vc_raw_html]JTNDaDMlM0VNaWVsbmlrJTIwR21iSCUyMCVDMyVCQ2Jlcm5pbW10JTIwVyVDMyVCNmhybGUlMjBSb2hzdG9mZnJlY3ljbGluZyUyMEdtYkglM0MlMkZoMyUzRQ==[\/vc_raw_html][vc_empty_space][vc_raw_html el_class=&#187;justify&#187; css=&#187;.vc_custom_1760953952367{background-color: #e2e2e2 !important;}&#187;]JTNDc2VjdGlvbiUyMGlkJTNEJTIydWViZXItdW5zJTIyJTIwc3R5bGUlM0QlMjJ0ZXh0LWFsaWduJTNBY2VudGVyJTNCJTIyJTNFJTBBJTBBJTBBJTIwJTIwJTNDcCUyMHN0eWxlJTNEJTIyZm9udC1zaXplJTNBbGFyZ2VyJTNCJTIyJTNFJTNDc3Ryb25nJTNFWnVtJTIwMDEuMDEuMjAyNSUzQyUyRnN0cm9uZyUzRSUyMGhhdCUyMGRpZSUyMCUzQ3N0cm9uZyUzRU1pZWxuaWslMjBHbWJIJTNDJTJGc3Ryb25nJTNFJTIwZGllJTIwR2VzZWxsc2NoYWZ0c2FudGVpbGUlMjBkZXIlMjAlM0NzdHJvbmclM0VXJUMzJUI2aHJsZSUyMFJvaHN0b2ZmcmVjeWNsaW5nJTIwR21iSCUzQyUyRnN0cm9uZyUzRSUyMCVDMyVCQ2Jlcm5vbW1lbi4lMjBOZXVlciUyMEdlc2VsbHNjaGFmdGVyJTIwaXN0JTIwJTNDc3Ryb25nJTNFUGF0cmljayUyME1pZWxuaWslM0MlMkZzdHJvbmclM0UlMkMlMjBkZXIlMjBrJUMzJUJDbmZ0aWclMjBkaWUlMjBzdHJhdGVnaXNjaGUlMjBFbnR3aWNrbHVuZyUyMGRlcyUyMFVudGVybmVobWVucyUyMHZlcmFudHdvcnRldC4lM0MlMkZwJTNFJTBBJTBBJTIwJTIwJTNDcCUyMHN0eWxlJTNEJTIyZm9udC1zaXplJTNBbGFyZ2VyJTNCJTIyJTNFRGllJTIwZ3V0ZSUyME5hY2hyaWNodCUzQSUyMFdpciUyMCVFMiU4MCU5MyUyMCUzQ3N0cm9uZyUzRVJlZ2luYSUyMHVuZCUyMFZvbGtlciUyMFclQzMlQjZocmxlJTNDJTJGc3Ryb25nJTNFJTIwJUUyJTgwJTkzJTIwYmxlaWJlbiUyMHdlaXRlcmhpbiUyMGFscyUyMEdlc2NoJUMzJUE0ZnRzZiVDMyVCQ2hyZXIlMjBha3Rpdi4lMjBEYW1pdCUyMGJsZWlidCUyMGF1Y2glMjBkaWUlMjBnZXdvaG50ZSUyMCUzQ3N0cm9uZyUzRVF1YWxpdCVDMyVBNHQlMkMlMjBadXZlcmwlQzMlQTRzc2lna2VpdCUyMHVuZCUyMHBlcnMlQzMlQjZubGljaGUlMjBCZXRyZXV1bmclM0MlMkZzdHJvbmclM0UlMjBlcmhhbHRlbiUyQyUyMGRpZSUyMHVuc2VyZSUyMEt1bmRlbiUyMHNlaXQlMjBKYWhyemVobnRlbiUyMHNjaCVDMyVBNHR6ZW4uJTNDJTJGcCUzRSUwQSUwQSUyMCUyMCUzQ2Jsb2NrcXVvdGUlMjBzdHlsZSUzRCUyMmZvbnQtc2l6ZSUzQWxhcmdlciUzQiUyMGZvbnQtc3R5bGUlM0FpdGFsaWMlM0IlMjBtYXJnaW4lM0EyMHB4JTIwYXV0byUzQiUyMG1heC13aWR0aCUzQTgwMHB4JTNCJTIyJTNFJTBBJTIwJTIwJTIwJTIwJUUyJTgwJTlFRiVDMyVCQ3IlMjB1bnMlMjB3YXIlMjBlbnRzY2hlaWRlbmQlMkMlMjBkYXNzJTIwdW5zZXIlMjBVbnRlcm5laG1lbiUyMGluJTIwZGllJTIwcmljaHRpZ2VuJTIwSCVDMyVBNG5kZSUyMGtvbW10LiUyME1pdCUyMGRlciUyMEZpcm1hJTIwTWllbG5payUyMGhhYmVuJTIwd2lyJTIwZWluZW4lMjBQYXJ0bmVyJTIwZ2VmdW5kZW4lMkMlMjBkZXIlMjBuaWNodCUyMG51ciUyMGZhY2hsaWNoJTIwJUMzJUJDYmVyemV1Z3QlMkMlMjBzb25kZXJuJTIwYXVjaCUyMHVuc2VyZSUyMFdlcnRlJTIwdW5kJTIwdW5zZXJlJTIwcmVnaW9uYWxlJTIwVmVyYnVuZGVuaGVpdCUyMHRlaWx0JUUyJTgwJTlDJTJDJTIwc2FndCUyMFZvbGtlciUyMFclQzMlQjZocmxlLiUwQSUyMCUyMCUzQyUyRmJsb2NrcXVvdGUlM0UlMEElMEElMjAlMjAlM0NwJTIwc3R5bGUlM0QlMjJmb250LXNpemUlM0FsYXJnZXIlM0IlMjIlM0VTZWl0JTIwJUMzJUJDYmVyJTIwJTNDc3Ryb25nJTNFNjAlMjBKYWhyZW4lM0MlMkZzdHJvbmclM0UlMjBzdGVodCUyMCUzQ3N0cm9uZyUzRVclQzMlQjZocmxlJTNDJTJGc3Ryb25nJTNFJTIwZiVDMyVCQ3IlMjAlM0NzdHJvbmclM0VuYWNoaGFsdGlnZSUyMFNjaHJvdHQtJTIwdW5kJTIwTWV0YWxsdmVyd2VydHVuZyUzQyUyRnN0cm9uZyUzRSUyQyUyMG1vZGVybmUlMjBSZWN5Y2xpbmdwcm96ZXNzZSUyMHVuZCUyMHZlcmFudHdvcnR1bmdzdm9sbGVuJTIwVW1nYW5nJTIwbWl0JTIwUmVzc291cmNlbi4lMjAlM0NzdHJvbmclM0VWZXJsJUMzJUE0c3NsaWNoa2VpdCUyQyUyMFJlZ2lvbmFsaXQlQzMlQTR0JTIwdW5kJTIwTmFjaGhhbHRpZ2tlaXQlM0MlMkZzdHJvbmclM0UlMjBzaW5kJTIwZGllJTIwUyVDMyVBNHVsZW4lMkMlMjBhdWYlMjBkZW5lbiUyMHdpciUyMHVuc2VyJTIwVW50ZXJuZWhtZW4lMjBhdWNoJTIwayVDMyVCQ25mdGlnJTIwd2VpdGVyZW50d2lja2VsbiUyMG0lQzMlQjZjaHRlbi5HZW1laW5zYW0lMjBtaXQlMjBkZXIlMjAlM0NzdHJvbmclM0VNaWVsbmlrJTIwR21iSCUzQyUyRnN0cm9uZyUzRSUyMHdvbGxlbiUyMHdpciUyMHVuc2VyZSUyMGJldyVDMyVBNGhydGVuJTIwU3RydWt0dXJlbiUyMHN0JUMzJUE0cmtlbiUyMHVuZCUyMHp1Z2xlaWNoJTIwbmV1ZSUyMEltcHVsc2UlMjBzZXR6ZW4lMjAlRTIlODAlOTMlMjBpbiUyMCUzQ3N0cm9uZyUzRVRlY2huaWslMkMlMjBEaWdpdGFsaXNpZXJ1bmclMjB1bmQlMjBuYWNoaGFsdGlnZXIlMjBFbnR3aWNrbHVuZyUzQyUyRnN0cm9uZyUzRS4lM0MlMkZwJTNFJTBBJTBBJTIwJTIwJTNDcCUyMHN0eWxlJTNEJTIyZm9udC1zaXplJTNBbGFyZ2VyJTNCJTIyJTNFV2FzJTIwYmxlaWJ0JTJDJTIwaXN0JTIwdW5zZXIlMjBWZXJzcHJlY2hlbiUzQSUyMFdpciUyMGhhbmRlbG4lMjBpbSUyMFNpbm5lJTIwdW5zZXJlciUyMCUzQ3N0cm9uZyUzRUt1bmRlbiUyQyUyME1pdGFyYmVpdGVuZGVuJTIwdW5kJTIwdW5zZXJlciUyMFVtd2VsdC5XYXMlMjBrb21tdCUyQyUyMGlzdCUyMGZyaXNjaGVyJTIwV2luZCUyMCVFMiU4MCU5MyUyMG1pdCUyMHZlcnRyYXV0ZXIlMjBIYW5kc2NocmlmdC4lM0MlMkZwJTNFJTBBJTBBJTIwJTIwJTNDYmxvY2txdW90ZSUyMHN0eWxlJTNEJTIyZm9udC1zaXplJTNBbGFyZ2VyJTNCJTIwZm9udC1zdHlsZSUzQWl0YWxpYyUzQiUyMG1hcmdpbiUzQTIwcHglMjBhdXRvJTNCJTIwbWF4LXdpZHRoJTNBODAwcHglM0IlMjIlM0UlMEElMjAlMjAlMjAlMjAlRTIlODAlOUVXYXMlMjBtYW4lMjBlcmJ0JTJDJTIwc29sbCUyMG1hbiUyMG5pY2h0JTIwbnVyJTIwYmV3YWhyZW4lMkMlMjBzb25kZXJuJTIwd2VpdGVyYmF1ZW4uJUUyJTgwJTlDJTNDYnIlM0UlMEElMjAlMjAlMjAlMjBHZW5hdSUyMGRhcyUyMGhhYmVuJTIwd2lyJTIwdm9yJTNBJTIwZ2VtZWluc2FtJTJDJTIwbmFjaGhhbHRpZyUyMHVuZCUyMHp1a3VuZnRzb3JpZW50aWVydC4lMEElMjAlMjAlM0MlMkZibG9ja3F1b3RlJTNFJTBBJTBBJTIwJTIwJTNDcCUyMHN0eWxlJTNEJTIyZm9udC1zaXplJTNBbGFyZ2VyJTNCJTIyJTNFRGllc2VyJTIwVGV4dCUyMGlzdCUyMGVpbmUlMjBnZW1laW5zYW1lJTIwTWl0dGVpbHVuZyUyMGRlciUyMEdlc2NoJUMzJUE0ZnRzZiVDMyVCQ2hydW5nJTIwdm9uJTIwJTNDc3Ryb25nJTNFVyVDMyVCNmhybGUlMjBSb2hzdG9mZnJlY3ljbGluZyUyMEdtYkglM0MlMkZzdHJvbmclM0UlMjB1bmQlMjAlM0NzdHJvbmclM0VQYXRyaWNrJTIwTWllbG5payUyMCUyOE1pZWxuaWslMjBHbWJIJTI5JTNDJTJGc3Ryb25nJTNFLiUzQyUyRnAlM0UlMEElM0MlMkZzZWN0aW9uJTNFJTBBJTBB[\/vc_raw_html][vc_empty_space][\/vc_column_inner][\/vc_row_inner][vc_empty_space][qode_content_slider auto_rotate=&#187;10&#8243; direction_nav=&#187;yes&#187; control_nav=&#187;yes&#187; control_nav_justify=&#187;yes&#187; pause_on_hover=&#187;yes&#187;][qode_content_slider_item][vc_row_inner row_type=&#187;row&#187; type=&#187;grid&#187; text_align=&#187;left&#187; css_animation=&#187;&#187;][vc_column_inner width=&#187;1\/4&#8243;][vc_empty_space height=&#187;26px&#187;][vc_column_text] Wir sind ein Team [\/vc_column_text][vc_empty_space][vc_column_text]Sie finden in uns einen verantwortungsvollen Partner f\u00fcr alle Stufen des Recyclings von Alteisen,&#8230;<\/p>\n","protected":false},"author":1,"featured_media":0,"parent":0,"menu_order":0,"comment_status":"closed","ping_status":"closed","template":"full_width.php","meta":{"inline_featured_image":false},"_links":{"self":[{"href":"https:\/\/schrott-woehrle.de\/de\/wp-json\/wp\/v2\/pages\/108"}],"collection":[{"href":"https:\/\/schrott-woehrle.de\/de\/wp-json\/wp\/v2\/pages"}],"about":[{"href":"https:\/\/schrott-woehrle.de\/de\/wp-json\/wp\/v2\/types\/page"}],"author":[{"embeddable":true,"href":"https:\/\/schrott-woehrle.de\/de\/wp-json\/wp\/v2\/users\/1"}],"replies":[{"embeddable":true,"href":"https:\/\/schrott-woehrle.de\/de\/wp-json\/wp\/v2\/comments?post=108"}],"version-history":[{"count":159,"href":"https:\/\/schrott-woehrle.de\/de\/wp-json\/wp\/v2\/pages\/108\/revisions"}],"predecessor-version":[{"id":1663,"href":"https:\/\/schrott-woehrle.de\/de\/wp-json\/wp\/v2\/pages\/108\/revisions\/1663"}],"wp:attachment":[{"href":"https:\/\/schrott-woehrle.de\/de\/wp-json\/wp\/v2\/media?parent=108"}],"curies":[{"name":"wp","href":"https:\/\/api.w.org\/{rel}","templated":true}]}}